{"id":2,"date":"2025-07-19T05:13:16","date_gmt":"2025-07-19T05:13:16","guid":{"rendered":"http:\/\/transportacionbolanos.com.mx\/?page_id=2"},"modified":"2025-08-09T10:42:04","modified_gmt":"2025-08-09T10:42:04","slug":"empresa","status":"publish","type":"page","link":"https:\/\/transportacionbolanos.com.mx\/en\/empresa\/","title":{"rendered":"EMPRESA"},"content":{"rendered":"<div data-elementor-type=\"wp-page\" data-elementor-id=\"2\" class=\"elementor elementor-2\">\n\t\t\t\t<div class=\"elementor-element elementor-element-3ff7a415 e-flex e-con-boxed e-con e-parent\" data-id=\"3ff7a415\" data-element_type=\"container\" data-e-type=\"container\">\n\t\t\t\t\t<div class=\"e-con-inner\">\n\t\t\t\t<div class=\"elementor-element elementor-element-2d857deb elementor-widget elementor-widget-text-editor\" data-id=\"2d857deb\" data-element_type=\"widget\" data-e-type=\"widget\" data-widget_type=\"text-editor.default\">\n\t\t\t\t\t\t\t\t\t<p><strong><span style=\"color: #ff0000;\">TRANSPORTACION BOLA\u00d1OS<\/span><\/strong> somos una micro empresa dedicada al transporte especializada en la industria cinematogr\u00e1fica con mas de <span style=\"color: #999999;\"><strong>15 a\u00f1os de experiencia.<\/strong><\/span><br \/>Participando en una variedad de proyectos como <span style=\"color: #999999;\"><em>series, pel\u00edculas, comerciales, videoclips y conciertos.<\/em><\/span><\/p>\n<p>Complementando tambi\u00e9n con viajes particulares y ejecutivos.\u00a0 Nuestro compromiso y profesionalismo nos lleva a realizar un trabajo de calidad garantizando seguridad. Con personal totalmente capacitado de buscar una soluci\u00f3n ante cualquier adversidad.<\/p>\n<p><\/p>\n<blockquote class=\"is-layout-flow wp-block-quote-is-layout-flow\">\n<p>La disponibilidad y atenci\u00f3n garantiza un servicio eficiente y completo.<\/p>\n<p><span style=\"color: #ff0000;\"><strong>MISI\u00d3N:<\/strong><\/span> Dise\u00f1ar rutas seguras, traslados eficientes y limpios, para un viaje c\u00f3modo y sin l\u00edmites. Ser una empresa influyente y responsable con la integridad, seguridad y comodidad en cada viaje.<\/p>\n<p><span style=\"color: #ff0000;\"><strong>VISI\u00d3N:<\/strong><\/span> Transitar por cualquier lugar con seguridad y sin contratiempos.<\/p>\n<\/blockquote>\n<h4><span style=\"color: #ff0000;\"><strong>VALORES<\/strong><\/span><\/h4>\n<div><span style=\"color: #999999;\">&#8211; HONESTIDAD<br \/>&#8211; RESPONSABILIDAD<\/span><\/div>\n<div><span style=\"color: #999999;\">&#8211; RESPETO<\/span><\/div>\n<div><span style=\"color: #999999;\">&#8211; CALIDAD<\/span><\/div>\n<div><span style=\"color: #999999;\">&#8211; PUNTUALIDAD<\/span><\/div>\n<div><span style=\"color: #999999;\">&#8211; TRABAJO EN EQUIPO<\/span><\/div>\n<div><span style=\"color: #999999;\">&#8211; EJECUCI\u00d3N DE TAREAS<\/span><\/div>\n<p>\u00a0<\/p>\n<p style=\"text-align: left;\">\u00a0<\/p>\t\t\t\t\t\t\t\t<\/div>\n\t\t\t\t\t<\/div>\n\t\t\t\t<\/div>\n\t\t\t\t<\/div>","protected":false},"excerpt":{"rendered":"<p>TRANSPORTACION BOLA\u00d1OS somos una micro empresa dedicada al transporte especializada en la industria cinematogr\u00e1fica con mas de 15 a\u00f1os de experiencia.Participando en una variedad de proyectos como series, pel\u00edculas, comerciales, videoclips y conciertos. Complementando tambi\u00e9n con viajes particulares y ejecutivos.\u00a0&#8230;<\/p>","protected":false},"author":1,"featured_media":0,"parent":0,"menu_order":0,"comment_status":"closed","ping_status":"closed","template":"","meta":{"footnotes":""},"class_list":["post-2","page","type-page","status-publish","hentry"],"_links":{"self":[{"href":"https:\/\/transportacionbolanos.com.mx\/en\/wp-json\/wp\/v2\/pages\/2","targetHints":{"allow":["GET"]}}],"collection":[{"href":"https:\/\/transportacionbolanos.com.mx\/en\/wp-json\/wp\/v2\/pages"}],"about":[{"href":"https:\/\/transportacionbolanos.com.mx\/en\/wp-json\/wp\/v2\/types\/page"}],"author":[{"embeddable":true,"href":"https:\/\/transportacionbolanos.com.mx\/en\/wp-json\/wp\/v2\/users\/1"}],"replies":[{"embeddable":true,"href":"https:\/\/transportacionbolanos.com.mx\/en\/wp-json\/wp\/v2\/comments?post=2"}],"version-history":[{"count":73,"href":"https:\/\/transportacionbolanos.com.mx\/en\/wp-json\/wp\/v2\/pages\/2\/revisions"}],"predecessor-version":[{"id":2769,"href":"https:\/\/transportacionbolanos.com.mx\/en\/wp-json\/wp\/v2\/pages\/2\/revisions\/2769"}],"wp:attachment":[{"href":"https:\/\/transportacionbolanos.com.mx\/en\/wp-json\/wp\/v2\/media?parent=2"}],"curies":[{"name":"wp","href":"https:\/\/api.w.org\/{rel}","templated":true}]}}